{"id":98,"date":"2022-10-12T20:14:44","date_gmt":"2022-10-12T20:14:44","guid":{"rendered":"http:\/\/estoresalverca.pt\/?page_id=98"},"modified":"2022-10-12T20:15:25","modified_gmt":"2022-10-12T20:15:25","slug":"termos-e-condicoes","status":"publish","type":"page","link":"http:\/\/estoresalverca.pt\/?page_id=98","title":{"rendered":"Termos e Condi\u00e7\u00f5es"},"content":{"rendered":"\r\n<p><strong>ASPETOS GERAIS<\/strong><\/p>\r\n<p>A utiliza\u00e7\u00e3o do Site atribui automaticamente a condi\u00e7\u00e3o de Utilizador e implica a aceita\u00e7\u00e3o, plena e sem reservas, de todas as disposi\u00e7\u00f5es inclu\u00eddas nos Termos e Condi\u00e7\u00f5es, na vers\u00e3o vigente em cada momento em que acede ao Site. Se n\u00e3o aceitar integralmente qualquer uma das condi\u00e7\u00f5es estabelecidas, n\u00e3o dever\u00e1 aceder\/utilizar o nosso Site. Ao consultar, utilizar ou descarregar o conte\u00fado do Site, est\u00e1 a comprometer-se a respeitar as condi\u00e7\u00f5es estabelecidas neste documento. O Utilizador poder\u00e1 utilizar o Site, sem necessidade de qualquer registo. No entanto, algumas das funcionalidades do Site poder\u00e3o encontrar-se dependentes de registo<\/p>\r\n\r\n\r\n\r\n<p><strong> FUNCIONALIDADES DO SITE<\/strong><\/p>\r\n<p><strong> Utilizador Registado<\/strong> De forma a aceder a mais funcionalidades, o Utilizador poder\u00e1 registar-se no Site. O Utilizador deve preencher um formul\u00e1rio, no qual, para al\u00e9m de elementos opcionais, dever\u00e1 indicar obrigatoriamente os seguintes dados: &#8211; Primeiro e \u00daltimo nome; &#8211; Endere\u00e7o de correio eletr\u00f3nico; &#8211; Assunto e respectiva mensagem;<\/p>\r\n\r\n\r\n\r\n<p>&nbsp;<\/p>\r\n\r\n\r\n\r\n<p>Toda a informa\u00e7\u00e3o prestada pelo Utilizador dever\u00e1 ser correta e verdadeira. O Utilizador deve atualizar a informa\u00e7\u00e3o facultada, sempre que esta sofra quaisquer altera\u00e7\u00f5es. O Utilizador responsabiliza-se exclusivamente por quaisquer declara\u00e7\u00f5es falsas, incompletas ou incorretas que preste e pelos preju\u00edzos que estas possam provocar \u00e0 empresa ou a terceiros, com a informa\u00e7\u00e3o que faculte. N\u00e3o seremos respons\u00e1veis por eventuais danos decorrentes do uso indevido ou negligente da palavra-chave definida pelo Utilizador para acesso \u00e0 sua conta. O Utilizador dever\u00e1 assegurar a confidencialidade da respetiva palavra-chave.<\/p>\r\n\r\n\r\n\r\n<p><strong>Funcionalidades da Conta<\/strong><\/p>\r\n<p>O Utilizador Registado ter\u00e1 acesso a uma \u00e1rea pessoal, com os dados que tiver indicado no momento do registo. Atrav\u00e9s do registo, o Utilizador poder\u00e1 aceder aos dados da sua conta e proceder \u00e0 sua altera\u00e7\u00e3o ou elimina\u00e7\u00e3o definitiva. Pode consultar as suas encomendas, devolu\u00e7\u00f5es e comunica\u00e7\u00f5es com a empresa.<\/p>\r\n\r\n\r\n\r\n<p><strong>Cat\u00e1logo de Produtos (Loja online)<\/strong><\/p>\r\n<p>No Site encontram-se dispon\u00edveis os produtos comercializados pela Estores Alverca, Lda na \u00a0Av. 5 de Outubro 48 A 2615-063 Alverca. A informa\u00e7\u00e3o sobre os produtos apresentada no Site destina-se apenas a fornecer um breve resumo informativo para melhor conveni\u00eancia e informa\u00e7\u00e3o do visitante. Tomamos todas as provid\u00eancias para garantir que as informa\u00e7\u00f5es e os dados contidos no Site s\u00e3o precisos e atualizados, aquando da sua introdu\u00e7\u00e3o no mesmo. No entanto, n\u00e3o \u00e9 garantida a atualiza\u00e7\u00e3o ou corre\u00e7\u00e3o destas informa\u00e7\u00f5es. N\u00e3o damos qualquer garantia, expressa ou impl\u00edcita, quanto \u00e0 exatid\u00e3o ou integridade de qualquer informa\u00e7\u00e3o (incluindo informa\u00e7\u00e3o sobre bens e servi\u00e7os) inclu\u00edda no Site. Reservamos o direito de alterar, apagar ou mover qualquer informa\u00e7\u00e3o no Site, a qualquer momento, sem aviso pr\u00e9vio.<\/p>\r\n\r\n\r\n\r\n<p>Os Utilizadores aceitam e reconhecem expressamente que: &#8211; As fotografias apresentadas no Site t\u00eam car\u00e1ter meramente ilustrativo, devendo os Utilizadores consultar informa\u00e7\u00e3o detalhada sobre os produtos e as respetivas carater\u00edsticas\/especifica\u00e7\u00f5es; &#8211; O pre\u00e7o exposto \u00e9 o pre\u00e7o recomendado, podendo, contudo, existir erros ortogr\u00e1ficos aos quais n\u00e3o podemos garantir o fornecimento caso seja essa a situa\u00e7\u00e3o; &#8211; Faremos todos os esfor\u00e7os razo\u00e1veis para incluir informa\u00e7\u00e3o exata e atualizada sobre os produtos no Site. N\u00e3o obstante, n\u00e3o o podemos garantir; &#8211; N\u00e3o garantimos a exist\u00eancia em stock dos artigos inclu\u00eddos no Site, nem t\u00e3o pouco assumimos a responsabilidade por artigos descontinuados.<\/p>\r\n\r\n\r\n\r\n<p><strong>DADOS PESSOAIS E SEGURAN\u00c7A DE DADOS<\/strong><\/p>\r\n<p>Por favor consulte a nossa Pol\u00edtica de Privacidade e Pol\u00edtica de Cookies.<\/p>\r\n\r\n\r\n\r\n<p><strong>PROPRIEDADE INTELECTUAL<\/strong><\/p>\r\n<p>Salvo disposi\u00e7\u00e3o em contr\u00e1rio, os conte\u00fados do site, texto, gr\u00e1ficos, fotografias tem direitos reservados \u00e0 empresa, sendo proibida a sua utiliza\u00e7\u00e3o, com fins comerciais ou n\u00e3o.<\/p>\r\n\r\n\r\n\r\n<p><strong>LIMITA\u00c7\u00c3O DE RESPONSABILIDADE<\/strong><\/p>\r\n<p>O Utilizador ser\u00e1 respons\u00e1vel pelo conte\u00fado da informa\u00e7\u00e3o enviada ou transmitida para o Site. \u00c9 do conhecimento do Utilizador que a utiliza\u00e7\u00e3o do Site poder\u00e1 n\u00e3o ser 100% segura, existindo a possibilidade das informa\u00e7\u00f5es enviadas\/recebidas serem intercetadas por partes n\u00e3o autorizadas, n\u00e3o sendo a empresa respons\u00e1vel por falhas na seguran\u00e7a das comunica\u00e7\u00f5es e n\u00e3o assumindo qualquer responsabilidade pelo uso indevido da sua informa\u00e7\u00e3o por terceiros. O Utilizador reconhece que o acesso e utiliza\u00e7\u00e3o do Site poder\u00e1 sofrer interrup\u00e7\u00f5es e que a informa\u00e7\u00e3o do Site pode conter bugs, erros, falhas t\u00e9cnicas, problemas ou outras limita\u00e7\u00f5es. O Site pode conter liga\u00e7\u00f5es para outras p\u00e1ginas eletr\u00f3nicas ou ser acedido atrav\u00e9s de outras p\u00e1ginas eletr\u00f3nicas. N\u00e3o pode a empresa ser responsabilizada pelas mesmas, nomeadamente pelo controlo dos conte\u00fados, disponibilidade, operacionalidade ou desempenho. Nos termos m\u00e1ximos permitidos por lei, a empresa exclui qualquer responsabilidade, direta ou indireta, pela utiliza\u00e7\u00e3o do Site.<\/p>\r\n\r\n\r\n\r\n<p><strong>DISPOSI\u00c7\u00d5ES FINAIS<\/strong><\/p>\r\n<p>No caso de viola\u00e7\u00e3o dos presentes Termos e Condi\u00e7\u00f5es, reservamos o direito de exercer toda e qualquer a\u00e7\u00e3o legalmente prevista. Al\u00e9m disso, reservamos o direito de, discricionariamente, dar como terminado o acesso ou utiliza\u00e7\u00e3o do Site, com ou sem notifica\u00e7\u00e3o do Utilizador. Os Termos e Condi\u00e7\u00f5es de utiliza\u00e7\u00e3o do Site s\u00e3o regulados de acordo com as leis em vigor. Se qualquer provis\u00e3o aqui descrita for considerada ilegal, nula, ou por qualquer raz\u00e3o inexequ\u00edvel, essa provis\u00e3o ser\u00e1 eliminada ou reduzida nos termos da lei, n\u00e3o afetando a validade e exequibilidade das restantes provis\u00f5es. Reservamos o direito de alterar os presentes Termos e Condi\u00e7\u00f5es sem aviso pr\u00e9vio. O Utilizador est\u00e1 vinculado \u00e0 vers\u00e3o dos Termos e Condi\u00e7\u00f5es no momento da sua utiliza\u00e7\u00e3o, pelo que recomendamos a sua consulta peri\u00f3dica.<\/p>\r\n","protected":false},"excerpt":{"rendered":"<p>ASPETOS GERAIS A utiliza\u00e7\u00e3o do Site atribui automaticamente a condi\u00e7\u00e3o de Utilizador e implica a aceita\u00e7\u00e3o, plena e sem reservas, de todas as disposi\u00e7\u00f5es inclu\u00eddas nos Termos e Condi\u00e7\u00f5es, na vers\u00e3o vigente em cada momento em que acede ao Site. Se n\u00e3o aceitar integralmente qualquer uma das condi\u00e7\u00f5es estabelecidas, n\u00e3o dever\u00e1 aceder\/utilizar o nosso Site. [&hellip;]<\/p>\n","protected":false},"author":1,"featured_media":0,"parent":0,"menu_order":0,"comment_status":"closed","ping_status":"closed","template":"","meta":{"footnotes":""},"class_list":["post-98","page","type-page","status-publish","hentry"],"_links":{"self":[{"href":"http:\/\/estoresalverca.pt\/index.php?rest_route=\/wp\/v2\/pages\/98","targetHints":{"allow":["GET"]}}],"collection":[{"href":"http:\/\/estoresalverca.pt\/index.php?rest_route=\/wp\/v2\/pages"}],"about":[{"href":"http:\/\/estoresalverca.pt\/index.php?rest_route=\/wp\/v2\/types\/page"}],"author":[{"embeddable":true,"href":"http:\/\/estoresalverca.pt\/index.php?rest_route=\/wp\/v2\/users\/1"}],"replies":[{"embeddable":true,"href":"http:\/\/estoresalverca.pt\/index.php?rest_route=%2Fwp%2Fv2%2Fcomments&post=98"}],"version-history":[{"count":2,"href":"http:\/\/estoresalverca.pt\/index.php?rest_route=\/wp\/v2\/pages\/98\/revisions"}],"predecessor-version":[{"id":100,"href":"http:\/\/estoresalverca.pt\/index.php?rest_route=\/wp\/v2\/pages\/98\/revisions\/100"}],"wp:attachment":[{"href":"http:\/\/estoresalverca.pt\/index.php?rest_route=%2Fwp%2Fv2%2Fmedia&parent=98"}],"curies":[{"name":"wp","href":"https:\/\/api.w.org\/{rel}","templated":true}]}}