{"id":96,"date":"2022-10-12T20:11:45","date_gmt":"2022-10-12T20:11:45","guid":{"rendered":"http:\/\/estoresalverca.pt\/?page_id=96"},"modified":"2022-10-12T20:25:57","modified_gmt":"2022-10-12T20:25:57","slug":"resolucao-alternativa-de-litigios","status":"publish","type":"page","link":"http:\/\/estoresalverca.pt\/?page_id=96","title":{"rendered":"Resolu\u00e7\u00e3o Alternativa de Lit\u00edgios"},"content":{"rendered":"\r\n<p>Nos termos do disposto no artigo 18\u00ba da Lei n.\u00ba 144\/2015, 8 de Setembro, Estores Alverca, Lda. informa os seus Clientes, que sejam consumidores na defini\u00e7\u00e3o prevista na referida Lei, que a Lista completa de Entidades (RAL) \u2013 Entidades de Resolu\u00e7\u00e3o Alternativa de Lit\u00edgios de Consumo existentes em Portugal est\u00e1 dispon\u00edvel para consulta no Portal do Consumidor acess\u00edvel atrav\u00e9s do link: http:\/\/www.consumidor.pt<\/p>\r\n<br>\r\n\r\n\r\n<p>Estores Alverca, Lda. informa ainda os seus Clientes, que sejam consumidores, da exist\u00eancia de uma plataforma de resolu\u00e7\u00e3o de lit\u00edgios em linha (online) que pode ser utilizada quando as partes se encontrem domiciliadas num Estado da U.E. &#8211; Plataforma de RLL e que \u00e9 acess\u00edvel atrav\u00e9s do endere\u00e7o electr\u00f3nico http:\/\/ec.europa.eu\/consumers\/odr<\/p>\r\n<br>\r\n\r\n\r\n<p>Estores Alverca, Lda. informa ainda os seus Clientes, que sejam consumidores que para os feitos Resolu\u00e7\u00e3o Alternativa de Lit\u00edgios, o seu endere\u00e7o de email \u00e9 geral@estoresalverca.pt.<\/p>","protected":false},"excerpt":{"rendered":"<p>Nos termos do disposto no artigo 18\u00ba da Lei n.\u00ba 144\/2015, 8 de Setembro, Estores Alverca, Lda. informa os seus Clientes, que sejam consumidores na defini\u00e7\u00e3o prevista na referida Lei, que a Lista completa de Entidades (RAL) \u2013 Entidades de Resolu\u00e7\u00e3o Alternativa de Lit\u00edgios de Consumo existentes em Portugal est\u00e1 dispon\u00edvel para consulta no Portal [&hellip;]<\/p>\n","protected":false},"author":1,"featured_media":0,"parent":0,"menu_order":0,"comment_status":"closed","ping_status":"closed","template":"","meta":{"footnotes":""},"class_list":["post-96","page","type-page","status-publish","hentry"],"_links":{"self":[{"href":"http:\/\/estoresalverca.pt\/index.php?rest_route=\/wp\/v2\/pages\/96","targetHints":{"allow":["GET"]}}],"collection":[{"href":"http:\/\/estoresalverca.pt\/index.php?rest_route=\/wp\/v2\/pages"}],"about":[{"href":"http:\/\/estoresalverca.pt\/index.php?rest_route=\/wp\/v2\/types\/page"}],"author":[{"embeddable":true,"href":"http:\/\/estoresalverca.pt\/index.php?rest_route=\/wp\/v2\/users\/1"}],"replies":[{"embeddable":true,"href":"http:\/\/estoresalverca.pt\/index.php?rest_route=%2Fwp%2Fv2%2Fcomments&post=96"}],"version-history":[{"count":2,"href":"http:\/\/estoresalverca.pt\/index.php?rest_route=\/wp\/v2\/pages\/96\/revisions"}],"predecessor-version":[{"id":107,"href":"http:\/\/estoresalverca.pt\/index.php?rest_route=\/wp\/v2\/pages\/96\/revisions\/107"}],"wp:attachment":[{"href":"http:\/\/estoresalverca.pt\/index.php?rest_route=%2Fwp%2Fv2%2Fmedia&parent=96"}],"curies":[{"name":"wp","href":"https:\/\/api.w.org\/{rel}","templated":true}]}}