{"id":94,"date":"2022-10-12T20:09:12","date_gmt":"2022-10-12T20:09:12","guid":{"rendered":"http:\/\/estoresalverca.pt\/?page_id=94"},"modified":"2022-10-12T20:29:25","modified_gmt":"2022-10-12T20:29:25","slug":"politica-de-privacidade","status":"publish","type":"page","link":"http:\/\/estoresalverca.pt\/?page_id=94","title":{"rendered":"Politica de Privacidade"},"content":{"rendered":"\r\n\r\n<strong>POL\u00cdTICA DE PRIVACIDADE<\/strong><br>\r\n\r\n\r\n\r\n\r\n\r\nEsta declara\u00e7\u00e3o de garantia de privacidade de dados aplica-se especifica e exclusivamente ao servi\u00e7o da Estores Alverca, Lda. Quando pedimos o seu nome, morada, telefone, entre outros, temos como objectivo manter um relacionamento mais pr\u00f3ximo com os nossos utilizadores. Com o seu registo, passamos a trat\u00e1-lo pelo seu nome pr\u00f3prio, ficamos mais pr\u00f3ximos de si e podemos responder \u00e0s suas necessidades ou pedidos com mais efic\u00e1cia. Estores Alverca, Lda, garante que estas informa\u00e7\u00f5es N\u00c3O SER\u00c3O utilizadas em nenhuma lista com fins promocionais via correio electr\u00f3nico ou telef\u00f3nico, nem ser\u00e3o divulgados a qualquer outra organiza\u00e7\u00e3o ou empresa. Estores Alverca, Lda. compromete-se a proteger a sua privacidade e ir\u00e1 fazer um grande esfor\u00e7o para garantir o uso de uma tecnologia suficientemente eficaz para que a sua experi\u00eancia on-line seja de dia para dia mais segura e os seus relacionamentos na Web cada vez mais refor\u00e7ados. Sobre qualquer quest\u00e3o que tenha relativa a este compromisso, n\u00e3o hesite em contactar-nos.<br>\r\n\r\n\r\n\r\n\r\n\r\n<br><strong>POL\u00cdTICA DE COOKIES<\/strong><br>\r\n\r\n\r\n\r\n\r\n\r\nO site estoresalverca.pt utiliza &#8220;cookies&#8221;, os quais servem para proporcionar ao utilizador uma experi\u00eancia mais agrad\u00e1vel e personalizada. Caso o seu navegador de internet (browser) esteja definido para aceitar cookies, quando visita as p\u00e1ginas deste site consideramos que est\u00e1 a aceitar a nossa pol\u00edtica de cookies. O que s\u00e3o Cookies? Os cookies s\u00e3o pequenos ficheiros de texto que, enquanto navega na Internet, alguns websites t\u00eam necessidade de gravar no seu computador. A informa\u00e7\u00e3o dos cookies \u00e9 utilizada para personalizar os conte\u00fados (as p\u00e1ginas) que lhe s\u00e3o apresentados, &#8220;ligar&#8221; os v\u00e1rios \u00e9crans necess\u00e1rios para completar transac\u00e7\u00f5es (Internet Banking ou efectuar compras na Internet) ou para reunir dados sobre o perfil dos utilizadores, permitindo ao sistema recordar caracter\u00edsticas ou prefer\u00eancias de navega\u00e7\u00e3o de sess\u00f5es anteriores. No entanto, os websites apenas t\u00eam acesso \u00e0 informa\u00e7\u00e3o facultada pelo utilizador, caso contr\u00e1rio, apenas registam os &#8220;passos&#8221; dados no site, mantendo-se o anonimato. Os cookies n\u00e3o s\u00e3o nocivos e n\u00e3o cont\u00eam informa\u00e7\u00f5es de car\u00e1cter pessoal.<br>\r\n\r\n\r\n\r\n\r\n\r\n<br><strong>Direitos do utilizador<\/strong><br>\r\n\r\n\r\n\r\n\r\n\r\n\u00c9 garantido ao titular dos dados, o direito de acesso, atualiza\u00e7\u00e3o, retifica\u00e7\u00e3o ou elimina\u00e7\u00e3o dos seus dados pessoais.\r\nPara exercer os seus direitos de prote\u00e7\u00e3o de dados pessoais ou sempre que tenha alguma quest\u00e3o sobre a utiliza\u00e7\u00e3o que fazemos dos seus dados pessoais contacte-nos atrav\u00e9s do correio eletr\u00f3nico : geral@estoresalverca.pt. Depois de recebermos o seu pedido, e para o podermos tratar corretamente, entraremos em contacto consigo, por isso pedimos-lhe que nos forne\u00e7a os seus contactos. Atenderemos ao seu pedido assim que poss\u00edvel, a n\u00e3o ser que estejamos impedidos de o fazer por quest\u00f5es legais.","protected":false},"excerpt":{"rendered":"<p>POL\u00cdTICA DE PRIVACIDADE Esta declara\u00e7\u00e3o de garantia de privacidade de dados aplica-se especifica e exclusivamente ao servi\u00e7o da Estores Alverca, Lda. Quando pedimos o seu nome, morada, telefone, entre outros, temos como objectivo manter um relacionamento mais pr\u00f3ximo com os nossos utilizadores. Com o seu registo, passamos a trat\u00e1-lo pelo seu nome pr\u00f3prio, ficamos mais [&hellip;]<\/p>\n","protected":false},"author":1,"featured_media":0,"parent":0,"menu_order":0,"comment_status":"closed","ping_status":"closed","template":"","meta":{"footnotes":""},"class_list":["post-94","page","type-page","status-publish","hentry"],"_links":{"self":[{"href":"http:\/\/estoresalverca.pt\/index.php?rest_route=\/wp\/v2\/pages\/94","targetHints":{"allow":["GET"]}}],"collection":[{"href":"http:\/\/estoresalverca.pt\/index.php?rest_route=\/wp\/v2\/pages"}],"about":[{"href":"http:\/\/estoresalverca.pt\/index.php?rest_route=\/wp\/v2\/types\/page"}],"author":[{"embeddable":true,"href":"http:\/\/estoresalverca.pt\/index.php?rest_route=\/wp\/v2\/users\/1"}],"replies":[{"embeddable":true,"href":"http:\/\/estoresalverca.pt\/index.php?rest_route=%2Fwp%2Fv2%2Fcomments&post=94"}],"version-history":[{"count":5,"href":"http:\/\/estoresalverca.pt\/index.php?rest_route=\/wp\/v2\/pages\/94\/revisions"}],"predecessor-version":[{"id":111,"href":"http:\/\/estoresalverca.pt\/index.php?rest_route=\/wp\/v2\/pages\/94\/revisions\/111"}],"wp:attachment":[{"href":"http:\/\/estoresalverca.pt\/index.php?rest_route=%2Fwp%2Fv2%2Fmedia&parent=94"}],"curies":[{"name":"wp","href":"https:\/\/api.w.org\/{rel}","templated":true}]}}