{"id":59,"date":"2020-08-02T22:00:33","date_gmt":"2020-08-02T22:00:33","guid":{"rendered":"http:\/\/estoresalverca.pt\/?page_id=59"},"modified":"2020-08-02T22:00:33","modified_gmt":"2020-08-02T22:00:33","slug":"servicos","status":"publish","type":"page","link":"http:\/\/estoresalverca.pt\/?page_id=59","title":{"rendered":"Servi\u00e7os"},"content":{"rendered":"<p>Temos solu\u00e7\u00f5es para qualquer tipo de ambiente e de espa\u00e7o para satisfazer as mais variadas prefer\u00eancias decorativas.<\/p>\n<p>Disponibilizamos v\u00e1rios servi\u00e7os, tais como:<\/p>\n<p>Apresenta\u00e7\u00e3o de solu\u00e7\u00f5es<br \/>\nOr\u00e7amentos<br \/>\nFornecimento sem montagem<br \/>\nFornecimento com montagem<br \/>\nRepara\u00e7\u00e3o<br \/>\nSubstitui\u00e7\u00e3o<br \/>\nGarantia p\u00f3s-venda<br \/>\nAssist\u00eancia p\u00f3s-venda<br \/>\nRapidez e efici\u00eancia<br \/>\nResposta em 24h<\/p>\n","protected":false},"excerpt":{"rendered":"<p>Temos solu\u00e7\u00f5es para qualquer tipo de ambiente e de espa\u00e7o para satisfazer as mais variadas prefer\u00eancias decorativas. Disponibilizamos v\u00e1rios servi\u00e7os, tais como: Apresenta\u00e7\u00e3o de solu\u00e7\u00f5es Or\u00e7amentos Fornecimento sem montagem Fornecimento com montagem Repara\u00e7\u00e3o Substitui\u00e7\u00e3o Garantia p\u00f3s-venda Assist\u00eancia p\u00f3s-venda Rapidez e efici\u00eancia Resposta em 24h<\/p>\n","protected":false},"author":1,"featured_media":0,"parent":0,"menu_order":0,"comment_status":"closed","ping_status":"closed","template":"","meta":{"footnotes":""},"class_list":["post-59","page","type-page","status-publish","hentry"],"_links":{"self":[{"href":"http:\/\/estoresalverca.pt\/index.php?rest_route=\/wp\/v2\/pages\/59","targetHints":{"allow":["GET"]}}],"collection":[{"href":"http:\/\/estoresalverca.pt\/index.php?rest_route=\/wp\/v2\/pages"}],"about":[{"href":"http:\/\/estoresalverca.pt\/index.php?rest_route=\/wp\/v2\/types\/page"}],"author":[{"embeddable":true,"href":"http:\/\/estoresalverca.pt\/index.php?rest_route=\/wp\/v2\/users\/1"}],"replies":[{"embeddable":true,"href":"http:\/\/estoresalverca.pt\/index.php?rest_route=%2Fwp%2Fv2%2Fcomments&post=59"}],"version-history":[{"count":1,"href":"http:\/\/estoresalverca.pt\/index.php?rest_route=\/wp\/v2\/pages\/59\/revisions"}],"predecessor-version":[{"id":60,"href":"http:\/\/estoresalverca.pt\/index.php?rest_route=\/wp\/v2\/pages\/59\/revisions\/60"}],"wp:attachment":[{"href":"http:\/\/estoresalverca.pt\/index.php?rest_route=%2Fwp%2Fv2%2Fmedia&parent=59"}],"curies":[{"name":"wp","href":"https:\/\/api.w.org\/{rel}","templated":true}]}}