{"id":2,"date":"2020-07-22T18:52:38","date_gmt":"2020-07-22T18:52:38","guid":{"rendered":"http:\/\/estoresalverca.pt\/?page_id=2"},"modified":"2020-08-03T12:05:25","modified_gmt":"2020-08-03T12:05:25","slug":"sample-page","status":"publish","type":"page","link":"http:\/\/estoresalverca.pt\/?page_id=2","title":{"rendered":"Quem Somos"},"content":{"rendered":"<h3>Estores Alverca<\/h3>\n<p>Empresa fundada em 1980 por Joaquim A. Raminhos, apostou na qualidade, tanto dos produtos, como nos servi\u00e7os prestados, acompanhando a evolu\u00e7\u00e3o com novos materiais e as mais recentes t\u00e9cnicas do ramo.<\/p>\n<h3>Qualidade<\/h3>\n<p>T\u00e9cnicos qualificados e em constante forma\u00e7\u00e3o, garantem-nos prest\u00edgio. Com o lema, \u201cqualidade acima de tudo\u201d, temos garantido uma total satisfa\u00e7\u00e3o nos nossos clientes e amigos.<\/p>\n<p>Fabricamos, montamos e garantimos assist\u00eancia em todos os nossos produtos.<\/p>\n","protected":false},"excerpt":{"rendered":"<p>Estores Alverca Empresa fundada em 1980 por Joaquim A. Raminhos, apostou na qualidade, tanto dos produtos, como nos servi\u00e7os prestados, acompanhando a evolu\u00e7\u00e3o com novos materiais e as mais recentes t\u00e9cnicas do ramo. Qualidade T\u00e9cnicos qualificados e em constante forma\u00e7\u00e3o, garantem-nos prest\u00edgio. Com o lema, \u201cqualidade acima de tudo\u201d, temos garantido uma total satisfa\u00e7\u00e3o nos [&hellip;]<\/p>\n","protected":false},"author":1,"featured_media":0,"parent":0,"menu_order":0,"comment_status":"closed","ping_status":"open","template":"","meta":{"footnotes":""},"class_list":["post-2","page","type-page","status-publish","hentry"],"_links":{"self":[{"href":"http:\/\/estoresalverca.pt\/index.php?rest_route=\/wp\/v2\/pages\/2","targetHints":{"allow":["GET"]}}],"collection":[{"href":"http:\/\/estoresalverca.pt\/index.php?rest_route=\/wp\/v2\/pages"}],"about":[{"href":"http:\/\/estoresalverca.pt\/index.php?rest_route=\/wp\/v2\/types\/page"}],"author":[{"embeddable":true,"href":"http:\/\/estoresalverca.pt\/index.php?rest_route=\/wp\/v2\/users\/1"}],"replies":[{"embeddable":true,"href":"http:\/\/estoresalverca.pt\/index.php?rest_route=%2Fwp%2Fv2%2Fcomments&post=2"}],"version-history":[{"count":6,"href":"http:\/\/estoresalverca.pt\/index.php?rest_route=\/wp\/v2\/pages\/2\/revisions"}],"predecessor-version":[{"id":89,"href":"http:\/\/estoresalverca.pt\/index.php?rest_route=\/wp\/v2\/pages\/2\/revisions\/89"}],"wp:attachment":[{"href":"http:\/\/estoresalverca.pt\/index.php?rest_route=%2Fwp%2Fv2%2Fmedia&parent=2"}],"curies":[{"name":"wp","href":"https:\/\/api.w.org\/{rel}","templated":true}]}}